{"id":687,"date":"2025-07-29T23:05:49","date_gmt":"2025-07-29T22:05:49","guid":{"rendered":"http:\/\/localhost\/S\/staffline\/V2\/Dev\/build\/wordpress\/contactos\/"},"modified":"2025-11-09T19:07:06","modified_gmt":"2025-11-09T19:07:06","slug":"contactos","status":"publish","type":"page","link":"https:\/\/staffline.pt\/es\/contactos\/","title":{"rendered":"Contactos"},"content":{"rendered":"\n<div class=\"wp-block-group pt pb\"><div class=\"wp-block-group__inner-container is-layout-constrained wp-block-group-is-layout-constrained\">\n<div class=\"wp-block-columns is-layout-flex wp-container-core-columns-is-layout-9d6595d7 wp-block-columns-is-layout-flex\">\n<div class=\"wp-block-column border is-layout-flow wp-block-column-is-layout-flow\">\n<div class=\"wp-block-group icon-2\"><div class=\"wp-block-group__inner-container is-layout-constrained wp-block-group-is-layout-constrained\">\n<i class=\"las la-map-marker\"><\/i>\n<\/div><\/div>\n\n\n\n<p>Direcci\u00f3n<\/p>\n\n\n\n<p><strong>Set\u00fabal | Portugal | Madrid | Espa\u00f1a<\/strong><\/p>\n<\/div>\n<\/div>\n<\/div><\/div>\n\n\n\n<div class=\"wp-block-group alignfull pt pb has-branco-color has-preto-background-color has-text-color has-background has-link-color wp-elements-229ee8a55ef39d7d634a2f5423afbef6\"><div class=\"wp-block-group__inner-container is-layout-constrained wp-block-group-is-layout-constrained\">\n<div class=\"wp-block-group medwidth\"><div class=\"wp-block-group__inner-container is-layout-constrained wp-block-group-is-layout-constrained\">\n<p class=\"has-text-align-center\">\u00bfEstas interesado en alguno de nuestros servicios?<\/p>\n\n\n\n<h2 class=\"wp-block-heading has-text-align-center\">Solicitar presupuesto<\/h2>\n\n\n\n<p class=\"has-text-align-center pb\">Complete el siguiente formulario y uno de nuestros representantes de ventas se pondr\u00e1 en contacto con usted.<\/p>\n\n\n\n<div class=\"forminator-guttenberg\"><div class=\"forminator-ui forminator-custom-form forminator-custom-form-762 forminator-design--default forminator-custom forminator_ajax\" data-forminator-render=\"0\" data-form=\"forminator-module-762\" data-uid=\"69e9eaca97f47\"><br\/><\/div><form\n\t\t\t\tid=\"forminator-module-762\"\n\t\t\t\tclass=\"forminator-ui forminator-custom-form forminator-custom-form-762 forminator-design--default forminator-custom forminator_ajax\"\n\t\t\t\tmethod=\"post\"\n\t\t\t\tdata-forminator-render=\"0\"\n\t\t\t\tdata-form-id=\"762\"\n\t\t\t\t\n\t\t\t\tdata-design=\"default\"\n\t\t\t\t\n\t\t\t\t\n\t\t\t\t\n\t\t\t\tdata-grid=\"custom\"\n\t\t\t\t\n\t\t\t\t\n\t\t\t\tstyle=\"display: none;\"\n\t\t\t\t\n\t\t\t\tdata-uid=\"69e9eaca97f47\"\n\t\t\t><div role=\"alert\" aria-live=\"polite\" class=\"forminator-response-message forminator-error\" aria-hidden=\"true\"><\/div><div class=\"forminator-row\"><div id=\"name-1\" class=\"forminator-field-name forminator-col forminator-col-6 \"><div class=\"forminator-field\"><label for=\"forminator-field-name-1_69e9eaca97f47\" id=\"forminator-field-name-1_69e9eaca97f47-label\" class=\"forminator-label\">Nombre <span class=\"forminator-required\">*<\/span><\/label><input type=\"text\" name=\"name-1\" value=\"\" placeholder=\"Nombre\" id=\"forminator-field-name-1_69e9eaca97f47\" class=\"forminator-input forminator-name--field\" aria-required=\"true\" \/><\/div><\/div><div id=\"email-1\" class=\"forminator-field-email forminator-col forminator-col-6 \"><div class=\"forminator-field\"><label for=\"forminator-field-email-1_69e9eaca97f47\" id=\"forminator-field-email-1_69e9eaca97f47-label\" class=\"forminator-label\">Email <span class=\"forminator-required\">*<\/span><\/label><input type=\"email\" name=\"email-1\" value=\"\" placeholder=\"Email\" id=\"forminator-field-email-1_69e9eaca97f47\" class=\"forminator-input forminator-email--field\" data-required=\"true\" aria-required=\"true\" \/><\/div><\/div><\/div><div class=\"forminator-row\"><div id=\"text-1\" class=\"forminator-field-text forminator-col forminator-col-6 \"><div class=\"forminator-field\"><label for=\"forminator-field-text-1_69e9eaca97f47\" id=\"forminator-field-text-1_69e9eaca97f47-label\" class=\"forminator-label\">Empresa<\/label><input type=\"text\" name=\"text-1\" value=\"\" placeholder=\"Empresa\" id=\"forminator-field-text-1_69e9eaca97f47\" class=\"forminator-input forminator-name--field\" data-required=\"\" \/><\/div><\/div><div id=\"phone-1\" class=\"forminator-field-phone forminator-col forminator-col-6 \"><div class=\"forminator-field\"><label for=\"forminator-field-phone-1_69e9eaca97f47\" id=\"forminator-field-phone-1_69e9eaca97f47-label\" class=\"forminator-label\">Tel\u00e9fono<\/label><input type=\"text\" name=\"phone-1\" value=\"\" placeholder=\"Tel\u00e9fono\" id=\"forminator-field-phone-1_69e9eaca97f47\" class=\"forminator-input forminator-field--phone\" data-required=\"\" aria-required=\"false\" autocomplete=\"off\" \/><\/div><\/div><\/div><div class=\"forminator-row\"><div id=\"text-2\" class=\"forminator-field-text forminator-col forminator-col-6 \"><div class=\"forminator-field\"><label for=\"forminator-field-text-2_69e9eaca97f47\" id=\"forminator-field-text-2_69e9eaca97f47-label\" class=\"forminator-label\">Ciudad<\/label><input type=\"text\" name=\"text-2\" value=\"\" placeholder=\"Ciudad\" id=\"forminator-field-text-2_69e9eaca97f47\" class=\"forminator-input forminator-name--field\" data-required=\"\" \/><\/div><\/div><div id=\"select-1\" class=\"forminator-field-select forminator-col forminator-col-6 \"><div class=\"forminator-field\"><label for=\"forminator-form-762__field--select-1_69e9eaca97f47\" id=\"forminator-form-762__field--select-1_69e9eaca97f47-label\" class=\"forminator-label\">\u00c1reas de contacto <span class=\"forminator-required\">*<\/span><\/label><select  id=\"forminator-form-762__field--select-1_69e9eaca97f47\" class=\"forminator-select--field forminator-select2 forminator-select2-multiple\" data-required=\"1\" name=\"select-1\" data-default-value=\"\" data-hidden-behavior=\"zero\" data-placeholder=\"\u00c1reas de contacto\" data-search=\"false\" data-search-placeholder=\"\u00c1reas de contacto\" data-checkbox=\"false\" data-allow-clear=\"false\" aria-labelledby=\"forminator-form-762__field--select-1_69e9eaca97f47-label\"><option value=\"\"  >\u00c1reas de contacto<\/option><option value=\"one\"  data-calculation=\"0\">Administraci\u00f3n<\/option><option value=\"two\"  data-calculation=\"0\">Recursos humanos<\/option><option value=\"Recrutamento\"  data-calculation=\"0\">Reclutamiento<\/option><\/select><\/div><\/div><\/div><div class=\"forminator-row\"><div id=\"textarea-1\" class=\"forminator-field-textarea forminator-col forminator-col-12 \"><div class=\"forminator-field\"><label for=\"forminator-field-textarea-1_69e9eaca97f47\" id=\"forminator-field-textarea-1_69e9eaca97f47-label\" class=\"forminator-label\">Mensaje<\/label><span id=\"forminator-field-textarea-1_69e9eaca97f47-description\" class=\"forminator-description\"><span data-limit=\"180\" data-type=\"characters\" data-editor=\"\">0 \/ 180<\/span><\/span><textarea name=\"textarea-1\" placeholder=\"Mensaje\" id=\"forminator-field-textarea-1_69e9eaca97f47\" class=\"forminator-textarea\" rows=\"6\" style=\"min-height:128px;\" maxlength=\"180\" ><\/textarea><\/div><\/div><\/div><div class=\"forminator-row\"><div id=\"consent-1\" class=\"forminator-field-consent forminator-col forminator-col-12 \"><div class=\"forminator-field\"><label for=\"forminator-field-consent-1_69e9eaca97f47\" id=\"forminator-field-consent-1_69e9eaca97f47-label\" class=\"forminator-label\">Consentir <span class=\"forminator-required\">*<\/span><\/label><div class=\"forminator-checkbox__wrapper\"><label id=\"forminator-field-consent-1_69e9eaca97f47__label\" class=\"forminator-checkbox forminator-consent\" aria-labelledby=\"forminator-field-consent-1_69e9eaca97f47-label\" aria-hidden=\"true\"><input type=\"checkbox\" name=\"consent-1\" id=\"forminator-field-consent-1_69e9eaca97f47\" value=\"checked\" aria-labelledby=\"forminator-field-consent-1_69e9eaca97f47-label\" aria-describedby=\"forminator-field-consent-1_69e9eaca97f47__description\" data-required=\"true\" aria-required=\"true\" \/><span class=\"forminator-checkbox-box\" aria-hidden=\"true\"><\/span><\/label><div id=\"forminator-field-consent-1_69e9eaca97f47__description\" class=\"forminator-checkbox__label forminator-consent__label\"><p>Doy mi consentimiento para que este sitio web almacene la informaci\u00f3n enviada para que puedan responder a mi solicitud.<\/p><\/div><\/div><\/div><\/div><\/div><input type=\"hidden\" name=\"referer_url\" value=\"\" \/><div class=\"forminator-row forminator-row-last\"><div class=\"forminator-col\"><div class=\"forminator-field\"><button class=\"forminator-button forminator-button-submit\">Enviar mensaje<\/button><\/div><\/div><\/div><input type=\"hidden\" id=\"forminator_nonce\" name=\"forminator_nonce\" value=\"f2365ad10f\" \/><input type=\"hidden\" name=\"_wp_http_referer\" value=\"\/es\/wp-json\/wp\/v2\/pages\/687\" \/><input type=\"hidden\" name=\"form_id\" value=\"762\"><input type=\"hidden\" name=\"page_id\" value=\"687\"><input type=\"hidden\" name=\"form_type\" value=\"default\"><input type=\"hidden\" name=\"current_url\" value=\"https:\/\/staffline.pt\/es\/contactos\/\"><input type=\"hidden\" name=\"render_id\" value=\"0\"><input type=\"hidden\" name=\"action\" value=\"forminator_submit_form_custom-forms\"><\/form><\/div>\n<\/div><\/div>\n<\/div><\/div>\n\n\n\n<div class=\"wp-block-group pt pb no-border is-horizontal is-content-justification-center is-nowrap is-layout-flex wp-container-core-group-is-layout-c1dfda1e wp-block-group-is-layout-flex\">\n<figure class=\"wp-block-image size-full is-resized\"><img loading=\"lazy\" decoding=\"async\" width=\"589\" height=\"290\" src=\"https:\/\/staffline.pt\/wp-content\/uploads\/2025\/08\/SELO_IGUALDADE_2022.webp\" alt=\"\" class=\"wp-image-289\" style=\"width:121px\" srcset=\"https:\/\/staffline.pt\/wp-content\/uploads\/2025\/08\/SELO_IGUALDADE_2022.webp 589w, https:\/\/staffline.pt\/wp-content\/uploads\/2025\/08\/SELO_IGUALDADE_2022-300x148.webp 300w\" sizes=\"auto, (max-width: 589px) 100vw, 589px\" \/><\/figure>\n\n\n\n<figure class=\"wp-block-image size-full is-resized\"><img loading=\"lazy\" decoding=\"async\" width=\"707\" height=\"85\" src=\"https:\/\/staffline.pt\/wp-content\/uploads\/2025\/08\/selo-1.webp\" alt=\"\" class=\"wp-image-288\" style=\"width:500px\" srcset=\"https:\/\/staffline.pt\/wp-content\/uploads\/2025\/08\/selo-1.webp 707w, https:\/\/staffline.pt\/wp-content\/uploads\/2025\/08\/selo-1-300x36.webp 300w\" sizes=\"auto, (max-width: 707px) 100vw, 707px\" \/><\/figure>\n\n\n\n<figure class=\"wp-block-image size-full is-resized\"><img loading=\"lazy\" decoding=\"async\" width=\"591\" height=\"728\" src=\"https:\/\/staffline.pt\/wp-content\/uploads\/2025\/08\/selo_rgb01.webp\" alt=\"\" class=\"wp-image-290\" style=\"width:73px\" srcset=\"https:\/\/staffline.pt\/wp-content\/uploads\/2025\/08\/selo_rgb01.webp 591w, https:\/\/staffline.pt\/wp-content\/uploads\/2025\/08\/selo_rgb01-244x300.webp 244w\" sizes=\"auto, (max-width: 591px) 100vw, 591px\" \/><\/figure>\n\n\n\n<figure class=\"wp-block-image size-full is-resized\"><img loading=\"lazy\" decoding=\"async\" width=\"447\" height=\"558\" src=\"https:\/\/staffline.pt\/wp-content\/uploads\/2025\/08\/CERTIFICADO-2024.webp\" alt=\"\" class=\"wp-image-287\" style=\"width:70px\" srcset=\"https:\/\/staffline.pt\/wp-content\/uploads\/2025\/08\/CERTIFICADO-2024.webp 447w, https:\/\/staffline.pt\/wp-content\/uploads\/2025\/08\/CERTIFICADO-2024-240x300.webp 240w\" sizes=\"auto, (max-width: 447px) 100vw, 447px\" \/><\/figure>\n<\/div>\n","protected":false},"excerpt":{"rendered":"<p>Direcci\u00f3n Set\u00fabal | Portugal | Madrid | Espa\u00f1a \u00bfEstas interesado en alguno de nuestros servicios? Solicitar presupuesto Complete el siguiente formulario y uno de nuestros representantes de ventas se pondr\u00e1 en contacto con usted.<\/p>\n","protected":false},"author":3,"featured_media":662,"parent":0,"menu_order":6,"comment_status":"closed","ping_status":"closed","template":"","meta":{"footnotes":""},"class_list":["post-687","page","type-page","status-publish","has-post-thumbnail","hentry"],"yoast_head":"<!-- This site is optimized with the Yoast SEO plugin v25.7 - https:\/\/yoast.com\/wordpress\/plugins\/seo\/ -->\n<title>Contactos - Staff Line<\/title>\n<meta name=\"robots\" content=\"index, follow, max-snippet:-1, max-image-preview:large, max-video-preview:-1\" \/>\n<link rel=\"canonical\" href=\"https:\/\/staffline.pt\/es\/contactos\/\" \/>\n<meta property=\"og:locale\" content=\"es_ES\" \/>\n<meta property=\"og:type\" content=\"article\" \/>\n<meta property=\"og:title\" content=\"Contactos - Staff Line\" \/>\n<meta property=\"og:description\" content=\"Direcci\u00f3n Set\u00fabal | Portugal | Madrid | Espa\u00f1a \u00bfEstas interesado en alguno de nuestros servicios? Solicitar presupuesto Complete el siguiente formulario y uno de nuestros representantes de ventas se pondr\u00e1 en contacto con usted.\" \/>\n<meta property=\"og:url\" content=\"https:\/\/staffline.pt\/es\/contactos\/\" \/>\n<meta property=\"og:site_name\" content=\"Staff Line\" \/>\n<meta property=\"article:publisher\" content=\"https:\/\/www.facebook.com\/profile.php?id=100038314626064\" \/>\n<meta property=\"article:modified_time\" content=\"2025-11-09T19:07:06+00:00\" \/>\n<meta property=\"og:image\" content=\"https:\/\/staffline.pt\/wp-content\/uploads\/2025\/08\/contactos-1-e1754658919536.webp\" \/>\n\t<meta property=\"og:image:width\" content=\"2560\" \/>\n\t<meta property=\"og:image:height\" content=\"1200\" \/>\n\t<meta property=\"og:image:type\" content=\"image\/webp\" \/>\n<meta name=\"twitter:card\" content=\"summary_large_image\" \/>\n<meta name=\"twitter:label1\" content=\"Tiempo de lectura\" \/>\n\t<meta name=\"twitter:data1\" content=\"2 minutos\" \/>\n<script type=\"application\/ld+json\" class=\"yoast-schema-graph\">{\"@context\":\"https:\/\/schema.org\",\"@graph\":[{\"@type\":\"WebPage\",\"@id\":\"https:\/\/staffline.pt\/es\/contactos\/\",\"url\":\"https:\/\/staffline.pt\/es\/contactos\/\",\"name\":\"Contactos - Staff Line\",\"isPartOf\":{\"@id\":\"https:\/\/staffline.pt\/es\/#website\"},\"primaryImageOfPage\":{\"@id\":\"https:\/\/staffline.pt\/es\/contactos\/#primaryimage\"},\"image\":{\"@id\":\"https:\/\/staffline.pt\/es\/contactos\/#primaryimage\"},\"thumbnailUrl\":\"https:\/\/staffline.pt\/wp-content\/uploads\/2025\/08\/contactos-1-e1754658919536.webp\",\"datePublished\":\"2025-07-29T22:05:49+00:00\",\"dateModified\":\"2025-11-09T19:07:06+00:00\",\"breadcrumb\":{\"@id\":\"https:\/\/staffline.pt\/es\/contactos\/#breadcrumb\"},\"inLanguage\":\"es\",\"potentialAction\":[{\"@type\":\"ReadAction\",\"target\":[\"https:\/\/staffline.pt\/es\/contactos\/\"]}]},{\"@type\":\"ImageObject\",\"inLanguage\":\"es\",\"@id\":\"https:\/\/staffline.pt\/es\/contactos\/#primaryimage\",\"url\":\"https:\/\/staffline.pt\/wp-content\/uploads\/2025\/08\/contactos-1-e1754658919536.webp\",\"contentUrl\":\"https:\/\/staffline.pt\/wp-content\/uploads\/2025\/08\/contactos-1-e1754658919536.webp\",\"width\":2560,\"height\":1200},{\"@type\":\"BreadcrumbList\",\"@id\":\"https:\/\/staffline.pt\/es\/contactos\/#breadcrumb\",\"itemListElement\":[{\"@type\":\"ListItem\",\"position\":1,\"name\":\"In\u00edcio\",\"item\":\"https:\/\/staffline.pt\/es\/\"},{\"@type\":\"ListItem\",\"position\":2,\"name\":\"Contactos\"}]},{\"@type\":\"WebSite\",\"@id\":\"https:\/\/staffline.pt\/es\/#website\",\"url\":\"https:\/\/staffline.pt\/es\/\",\"name\":\"Staff Line\",\"description\":\"Outsourcing | Recrutamento para Empresas\",\"publisher\":{\"@id\":\"https:\/\/staffline.pt\/es\/#organization\"},\"potentialAction\":[{\"@type\":\"SearchAction\",\"target\":{\"@type\":\"EntryPoint\",\"urlTemplate\":\"https:\/\/staffline.pt\/es\/?s={search_term_string}\"},\"query-input\":{\"@type\":\"PropertyValueSpecification\",\"valueRequired\":true,\"valueName\":\"search_term_string\"}}],\"inLanguage\":\"es\"},{\"@type\":\"Organization\",\"@id\":\"https:\/\/staffline.pt\/es\/#organization\",\"name\":\"Staff Line\",\"url\":\"https:\/\/staffline.pt\/es\/\",\"logo\":{\"@type\":\"ImageObject\",\"inLanguage\":\"es\",\"@id\":\"https:\/\/staffline.pt\/es\/#\/schema\/logo\/image\/\",\"url\":\"https:\/\/staffline.pt\/wp-content\/uploads\/2025\/08\/logo_staffline.jpg\",\"contentUrl\":\"https:\/\/staffline.pt\/wp-content\/uploads\/2025\/08\/logo_staffline.jpg\",\"width\":480,\"height\":127,\"caption\":\"Staff Line\"},\"image\":{\"@id\":\"https:\/\/staffline.pt\/es\/#\/schema\/logo\/image\/\"},\"sameAs\":[\"https:\/\/www.facebook.com\/profile.php?id=100038314626064\",\"https:\/\/www.instagram.com\/staff_line.outsourcing\/\",\"https:\/\/www.linkedin.com\/company\/staff-line-lda\/\"]}]}<\/script>\n<!-- \/ Yoast SEO plugin. -->","yoast_head_json":{"title":"Contactos - Staff Line","robots":{"index":"index","follow":"follow","max-snippet":"max-snippet:-1","max-image-preview":"max-image-preview:large","max-video-preview":"max-video-preview:-1"},"canonical":"https:\/\/staffline.pt\/es\/contactos\/","og_locale":"es_ES","og_type":"article","og_title":"Contactos - Staff Line","og_description":"Direcci\u00f3n Set\u00fabal | Portugal | Madrid | Espa\u00f1a \u00bfEstas interesado en alguno de nuestros servicios? Solicitar presupuesto Complete el siguiente formulario y uno de nuestros representantes de ventas se pondr\u00e1 en contacto con usted.","og_url":"https:\/\/staffline.pt\/es\/contactos\/","og_site_name":"Staff Line","article_publisher":"https:\/\/www.facebook.com\/profile.php?id=100038314626064","article_modified_time":"2025-11-09T19:07:06+00:00","og_image":[{"width":2560,"height":1200,"url":"https:\/\/staffline.pt\/wp-content\/uploads\/2025\/08\/contactos-1-e1754658919536.webp","type":"image\/webp"}],"twitter_card":"summary_large_image","twitter_misc":{"Tiempo de lectura":"2 minutos"},"schema":{"@context":"https:\/\/schema.org","@graph":[{"@type":"WebPage","@id":"https:\/\/staffline.pt\/es\/contactos\/","url":"https:\/\/staffline.pt\/es\/contactos\/","name":"Contactos - Staff Line","isPartOf":{"@id":"https:\/\/staffline.pt\/es\/#website"},"primaryImageOfPage":{"@id":"https:\/\/staffline.pt\/es\/contactos\/#primaryimage"},"image":{"@id":"https:\/\/staffline.pt\/es\/contactos\/#primaryimage"},"thumbnailUrl":"https:\/\/staffline.pt\/wp-content\/uploads\/2025\/08\/contactos-1-e1754658919536.webp","datePublished":"2025-07-29T22:05:49+00:00","dateModified":"2025-11-09T19:07:06+00:00","breadcrumb":{"@id":"https:\/\/staffline.pt\/es\/contactos\/#breadcrumb"},"inLanguage":"es","potentialAction":[{"@type":"ReadAction","target":["https:\/\/staffline.pt\/es\/contactos\/"]}]},{"@type":"ImageObject","inLanguage":"es","@id":"https:\/\/staffline.pt\/es\/contactos\/#primaryimage","url":"https:\/\/staffline.pt\/wp-content\/uploads\/2025\/08\/contactos-1-e1754658919536.webp","contentUrl":"https:\/\/staffline.pt\/wp-content\/uploads\/2025\/08\/contactos-1-e1754658919536.webp","width":2560,"height":1200},{"@type":"BreadcrumbList","@id":"https:\/\/staffline.pt\/es\/contactos\/#breadcrumb","itemListElement":[{"@type":"ListItem","position":1,"name":"In\u00edcio","item":"https:\/\/staffline.pt\/es\/"},{"@type":"ListItem","position":2,"name":"Contactos"}]},{"@type":"WebSite","@id":"https:\/\/staffline.pt\/es\/#website","url":"https:\/\/staffline.pt\/es\/","name":"Staff Line","description":"Outsourcing | Recrutamento para Empresas","publisher":{"@id":"https:\/\/staffline.pt\/es\/#organization"},"potentialAction":[{"@type":"SearchAction","target":{"@type":"EntryPoint","urlTemplate":"https:\/\/staffline.pt\/es\/?s={search_term_string}"},"query-input":{"@type":"PropertyValueSpecification","valueRequired":true,"valueName":"search_term_string"}}],"inLanguage":"es"},{"@type":"Organization","@id":"https:\/\/staffline.pt\/es\/#organization","name":"Staff Line","url":"https:\/\/staffline.pt\/es\/","logo":{"@type":"ImageObject","inLanguage":"es","@id":"https:\/\/staffline.pt\/es\/#\/schema\/logo\/image\/","url":"https:\/\/staffline.pt\/wp-content\/uploads\/2025\/08\/logo_staffline.jpg","contentUrl":"https:\/\/staffline.pt\/wp-content\/uploads\/2025\/08\/logo_staffline.jpg","width":480,"height":127,"caption":"Staff Line"},"image":{"@id":"https:\/\/staffline.pt\/es\/#\/schema\/logo\/image\/"},"sameAs":["https:\/\/www.facebook.com\/profile.php?id=100038314626064","https:\/\/www.instagram.com\/staff_line.outsourcing\/","https:\/\/www.linkedin.com\/company\/staff-line-lda\/"]}]}},"_links":{"self":[{"href":"https:\/\/staffline.pt\/es\/wp-json\/wp\/v2\/pages\/687","targetHints":{"allow":["GET"]}}],"collection":[{"href":"https:\/\/staffline.pt\/es\/wp-json\/wp\/v2\/pages"}],"about":[{"href":"https:\/\/staffline.pt\/es\/wp-json\/wp\/v2\/types\/page"}],"author":[{"embeddable":true,"href":"https:\/\/staffline.pt\/es\/wp-json\/wp\/v2\/users\/3"}],"replies":[{"embeddable":true,"href":"https:\/\/staffline.pt\/es\/wp-json\/wp\/v2\/comments?post=687"}],"version-history":[{"count":4,"href":"https:\/\/staffline.pt\/es\/wp-json\/wp\/v2\/pages\/687\/revisions"}],"predecessor-version":[{"id":866,"href":"https:\/\/staffline.pt\/es\/wp-json\/wp\/v2\/pages\/687\/revisions\/866"}],"wp:featuredmedia":[{"embeddable":true,"href":"https:\/\/staffline.pt\/es\/wp-json\/wp\/v2\/media\/662"}],"wp:attachment":[{"href":"https:\/\/staffline.pt\/es\/wp-json\/wp\/v2\/media?parent=687"}],"curies":[{"name":"wp","href":"https:\/\/api.w.org\/{rel}","templated":true}]}}