{"id":683,"date":"2025-07-29T23:06:20","date_gmt":"2025-07-29T22:06:20","guid":{"rendered":"http:\/\/localhost\/S\/staffline\/V2\/Dev\/build\/wordpress\/industria-farmaceutica-bebidas-e-fruticolas\/"},"modified":"2025-08-12T10:33:37","modified_gmt":"2025-08-12T09:33:37","slug":"industria-farmaceutica-de-bebidas-y-fruticola","status":"publish","type":"page","link":"https:\/\/staffline.pt\/es\/industria-farmaceutica-de-bebidas-y-fruticola\/","title":{"rendered":"Industria Farmac\u00e9utica, de Bebidas y Frut\u00edcola"},"content":{"rendered":"\n<div class=\"wp-block-group medwidth pt pb\"><div class=\"wp-block-group__inner-container is-layout-constrained wp-block-group-is-layout-constrained\">\n<h2 class=\"wp-block-heading has-text-align-center\">Soluciones para los Sectores <mark style=\"background-color:rgba(0, 0, 0, 0)\" class=\"has-inline-color has-vermelho-color\">Farmac\u00e9utico, Alimentario y Agroindustrial<\/mark><\/h2>\n\n\n\n<p class=\"has-text-align-center\">En <strong>Staff Line \u2013 Recruitment and Services<\/strong> ofrece apoyo especializado en externalizaci\u00f3n y dotaci\u00f3n de personal para los sectores farmac\u00e9utico, de bebidas y frut\u00edcola. Garantizamos equipos cualificados para las l\u00edneas de producci\u00f3n, el saneamiento, el envasado, la log\u00edstica y la gesti\u00f3n de almacenes, garantizando eficiencia, calidad y flexibilidad adaptadas a cada necesidad.<\/p>\n<\/div><\/div>\n\n\n\n<div class=\"wp-block-group alignfull pt pb has-branco-color has-cinzaescuro-background-color has-text-color has-background has-link-color wp-elements-acdaa34d15df1202b488cab0b5272541\"><div class=\"wp-block-group__inner-container is-layout-constrained wp-block-group-is-layout-constrained\">\n<div class=\"wp-block-group medwidth pb\"><div class=\"wp-block-group__inner-container is-layout-constrained wp-block-group-is-layout-constrained\">\n<h2 class=\"wp-block-heading has-text-align-center\">\u00c1reas de actividad<\/h2>\n\n\n\n<p class=\"has-text-align-center\">En Staff Line \u2013 Reclutamiento y Servicios brindamos soluciones especializadas de Outsourcing y Staffing para funciones operativas cr\u00edticas, asegurando equipos experimentados, flexibles y adaptados a las demandas de cada cliente.<\/p>\n<\/div><\/div>\n\n\n\n<div class=\"wp-block-columns alignwide is-layout-flex wp-container-core-columns-is-layout-9d6595d7 wp-block-columns-is-layout-flex\">\n<div class=\"wp-block-column itens-areas is-layout-flow wp-block-column-is-layout-flow\" style=\"flex-basis:33.33%\">\n<figure class=\"wp-block-image size-large\"><img loading=\"lazy\" decoding=\"async\" width=\"1024\" height=\"683\" src=\"https:\/\/staffline.pt\/wp-content\/uploads\/2025\/08\/linhas-de-producao-1024x683.webp\" alt=\"\" class=\"wp-image-71\" style=\"aspect-ratio:4\/3;object-fit:cover\" srcset=\"https:\/\/staffline.pt\/wp-content\/uploads\/2025\/08\/linhas-de-producao-1024x683.webp 1024w, https:\/\/staffline.pt\/wp-content\/uploads\/2025\/08\/linhas-de-producao-300x200.webp 300w, https:\/\/staffline.pt\/wp-content\/uploads\/2025\/08\/linhas-de-producao-768x512.webp 768w, https:\/\/staffline.pt\/wp-content\/uploads\/2025\/08\/linhas-de-producao-1536x1024.webp 1536w, https:\/\/staffline.pt\/wp-content\/uploads\/2025\/08\/linhas-de-producao-2048x1366.webp 2048w\" sizes=\"auto, (max-width: 1024px) 100vw, 1024px\" \/><\/figure>\n\n\n\n<h3 class=\"wp-block-heading\">L\u00edneas de producci\u00f3n<\/h3>\n\n\n\n<p>Reforzamos las l\u00edneas de producci\u00f3n con equipos experimentados listos para incorporarse de inmediato. Ya sea mediante asignaci\u00f3n de personal o externalizaci\u00f3n, garantizamos la continuidad, el ritmo y la eficiencia de las operaciones.<\/p>\n<\/div>\n\n\n\n<div class=\"wp-block-column itens-areas is-layout-flow wp-block-column-is-layout-flow\" style=\"flex-basis:33.33%\">\n<figure class=\"wp-block-image size-large\"><img loading=\"lazy\" decoding=\"async\" width=\"1024\" height=\"540\" src=\"https:\/\/staffline.pt\/wp-content\/uploads\/2025\/08\/higienizacao-e-limpezas-1024x540.webp\" alt=\"\" class=\"wp-image-69\" style=\"aspect-ratio:4\/3;object-fit:cover\" srcset=\"https:\/\/staffline.pt\/wp-content\/uploads\/2025\/08\/higienizacao-e-limpezas-1024x540.webp 1024w, https:\/\/staffline.pt\/wp-content\/uploads\/2025\/08\/higienizacao-e-limpezas-300x158.webp 300w, https:\/\/staffline.pt\/wp-content\/uploads\/2025\/08\/higienizacao-e-limpezas-768x405.webp 768w, https:\/\/staffline.pt\/wp-content\/uploads\/2025\/08\/higienizacao-e-limpezas-1536x810.webp 1536w, https:\/\/staffline.pt\/wp-content\/uploads\/2025\/08\/higienizacao-e-limpezas-2048x1080.webp 2048w\" sizes=\"auto, (max-width: 1024px) 100vw, 1024px\" \/><\/figure>\n\n\n\n<h3 class=\"wp-block-heading\">Higiene y limpieza<\/h3>\n\n\n\n<p>Proporcionamos equipos de limpieza industrial y saneamiento t\u00e9cnico, con capacitaci\u00f3n y estricto cumplimiento normativo. Ideal para entornos que requieren control y seguridad.<\/p>\n<\/div>\n\n\n\n<div class=\"wp-block-column itens-areas is-layout-flow wp-block-column-is-layout-flow\" style=\"flex-basis:33.33%\">\n<figure class=\"wp-block-image size-large\"><img loading=\"lazy\" decoding=\"async\" width=\"1024\" height=\"683\" src=\"https:\/\/staffline.pt\/wp-content\/uploads\/2025\/08\/embalamento-1024x683.webp\" alt=\"\" class=\"wp-image-64\" style=\"aspect-ratio:4\/3;object-fit:cover\" srcset=\"https:\/\/staffline.pt\/wp-content\/uploads\/2025\/08\/embalamento-1024x683.webp 1024w, https:\/\/staffline.pt\/wp-content\/uploads\/2025\/08\/embalamento-300x200.webp 300w, https:\/\/staffline.pt\/wp-content\/uploads\/2025\/08\/embalamento-768x512.webp 768w, https:\/\/staffline.pt\/wp-content\/uploads\/2025\/08\/embalamento-1536x1024.webp 1536w, https:\/\/staffline.pt\/wp-content\/uploads\/2025\/08\/embalamento-2048x1366.webp 2048w\" sizes=\"auto, (max-width: 1024px) 100vw, 1024px\" \/><\/figure>\n\n\n\n<h3 class=\"wp-block-heading\">Embalaje<\/h3>\n\n\n\n<p>Ofrecemos soporte para operaciones de embalaje manuales o automatizadas, con profesionales enfocados en la rapidez, el cuidado y la trazabilidad. Disponemos de soluciones flexibles para externalizar o reforzar el personal.<\/p>\n<\/div>\n<\/div>\n\n\n\n<div class=\"wp-block-columns alignwide centro is-layout-flex wp-container-core-columns-is-layout-9d6595d7 wp-block-columns-is-layout-flex\">\n<div class=\"wp-block-column itens-areas is-layout-flow wp-block-column-is-layout-flow\" style=\"flex-basis:33.33%\">\n<figure class=\"wp-block-image size-large\"><img loading=\"lazy\" decoding=\"async\" width=\"1024\" height=\"684\" src=\"https:\/\/staffline.pt\/wp-content\/uploads\/2025\/08\/logistica-1024x684.webp\" alt=\"\" class=\"wp-image-72\" style=\"aspect-ratio:4\/3;object-fit:cover\" srcset=\"https:\/\/staffline.pt\/wp-content\/uploads\/2025\/08\/logistica-1024x684.webp 1024w, https:\/\/staffline.pt\/wp-content\/uploads\/2025\/08\/logistica-300x200.webp 300w, https:\/\/staffline.pt\/wp-content\/uploads\/2025\/08\/logistica-768x513.webp 768w, https:\/\/staffline.pt\/wp-content\/uploads\/2025\/08\/logistica-1536x1025.webp 1536w, https:\/\/staffline.pt\/wp-content\/uploads\/2025\/08\/logistica-2048x1367.webp 2048w\" sizes=\"auto, (max-width: 1024px) 100vw, 1024px\" \/><\/figure>\n\n\n\n<h3 class=\"wp-block-heading\">Log\u00edstica<\/h3>\n\n\n\n<p>Proporcionamos personal para la carga, descarga, organizaci\u00f3n de inventario y env\u00edo, garantizando fluidez y control en todas las etapas del proceso log\u00edstico. Agilidad y eficiencia garantizadas.<\/p>\n<\/div>\n\n\n\n<div class=\"wp-block-column itens-areas is-layout-flow wp-block-column-is-layout-flow\" style=\"flex-basis:33.33%\">\n<figure class=\"wp-block-image size-large\"><img loading=\"lazy\" decoding=\"async\" width=\"1024\" height=\"683\" src=\"https:\/\/staffline.pt\/wp-content\/uploads\/2025\/08\/gestao-de-armazens-1024x683.webp\" alt=\"\" class=\"wp-image-68\" style=\"aspect-ratio:4\/3;object-fit:cover\" srcset=\"https:\/\/staffline.pt\/wp-content\/uploads\/2025\/08\/gestao-de-armazens-1024x683.webp 1024w, https:\/\/staffline.pt\/wp-content\/uploads\/2025\/08\/gestao-de-armazens-300x200.webp 300w, https:\/\/staffline.pt\/wp-content\/uploads\/2025\/08\/gestao-de-armazens-768x512.webp 768w, https:\/\/staffline.pt\/wp-content\/uploads\/2025\/08\/gestao-de-armazens-1536x1024.webp 1536w, https:\/\/staffline.pt\/wp-content\/uploads\/2025\/08\/gestao-de-armazens-2048x1366.webp 2048w\" sizes=\"auto, (max-width: 1024px) 100vw, 1024px\" \/><\/figure>\n\n\n\n<h3 class=\"wp-block-heading\">Gesti\u00f3n de almacenes<\/h3>\n\n\n\n<p>Refor\u00e7amos equipas de gest\u00e3o e opera\u00e7\u00e3o de armaz\u00e9ns, com perfis adaptados a diferentes n\u00edveis de responsabilidade. Solu\u00e7\u00f5es ajustadas para otimizar espa\u00e7o, processos e invent\u00e1rio.<\/p>\n<\/div>\n<\/div>\n\n\n\n<div class=\"wp-block-buttons is-content-justification-center is-layout-flex wp-container-core-buttons-is-layout-16018d1d wp-block-buttons-is-layout-flex\">\n<div class=\"wp-block-button no-margin\"><a class=\"wp-block-button__link wp-element-button\" href=\"https:\/\/staffline.pt\/es\/contactos\/\">Solicitar un empleado<\/a><\/div>\n<\/div>\n\n\n\n<div class=\"wp-block-columns alignwide pt is-layout-flex wp-container-core-columns-is-layout-9d6595d7 wp-block-columns-is-layout-flex\">\n<div class=\"wp-block-column br-l pt pb pl pr has-preto-background-color has-background is-layout-flow wp-block-column-is-layout-flow\" style=\"flex-basis:50%\" data-aos=\"fade-right\">\n<h2 class=\"wp-block-heading\">Caracter\u00edsticas principales:<\/h2>\n\n\n\n<p>Ofrecemos dos modelos flexibles para satisfacer las diferentes necesidades de su negocio:<\/p>\n\n\n\n<div class=\"wp-block-columns are-vertically-aligned-center icon-2 is-layout-flex wp-container-core-columns-is-layout-9d6595d7 wp-block-columns-is-layout-flex\">\n<div class=\"wp-block-column is-vertically-aligned-center is-layout-flow wp-block-column-is-layout-flow\" style=\"flex-basis:80px\">\n<i class=\"las la-project-diagram\"><\/i>\n<\/div>\n\n\n\n<div class=\"wp-block-column is-vertically-aligned-center is-layout-flow wp-block-column-is-layout-flow\">\n<p class=\"has-medium-font-size\"><strong>Outsourcing<\/strong><\/p>\n\n\n\n<p class=\"has-cinza-color has-text-color has-link-color wp-elements-05b7efa62894d9d7265d09cbb05140ba\">Asumimos la gesti\u00f3n total o parcial de los procesos productivos dentro de las instalaciones del cliente, asegurando la calidad y la eficiencia.<\/p>\n<\/div>\n<\/div>\n\n\n\n<div class=\"wp-block-columns are-vertically-aligned-center icon-2 is-layout-flex wp-container-core-columns-is-layout-9d6595d7 wp-block-columns-is-layout-flex\">\n<div class=\"wp-block-column is-vertically-aligned-center is-layout-flow wp-block-column-is-layout-flow\" style=\"flex-basis:80px\">\n<i class=\"las la-users-cog\"><\/i>\n<\/div>\n\n\n\n<div class=\"wp-block-column is-vertically-aligned-center is-layout-flow wp-block-column-is-layout-flow\">\n<p class=\"has-medium-font-size\"><strong>Asignaci\u00f3n de personal<\/strong><\/p>\n\n\n\n<p class=\"has-cinza-color has-text-color has-link-color wp-elements-db9a163fc9ca1479b8a4a28e3d343f8c\">Proporcionamos recursos humanos calificados para reforzar sus equipos internos de forma r\u00e1pida y eficaz.<\/p>\n<\/div>\n<\/div>\n<\/div>\n\n\n\n<div class=\"wp-block-column br-l has-preto-background-color has-background is-layout-flow wp-block-column-is-layout-flow\" style=\"flex-basis:50%\">\n<div class=\"wp-block-cover is-light h100\"><img loading=\"lazy\" decoding=\"async\" width=\"1024\" height=\"683\" class=\"wp-block-cover__image-background wp-image-67 size-large\" alt=\"\" src=\"https:\/\/staffline.pt\/wp-content\/uploads\/2025\/08\/fruticultura-1024x683.webp\" data-object-fit=\"cover\" srcset=\"https:\/\/staffline.pt\/wp-content\/uploads\/2025\/08\/fruticultura-1024x683.webp 1024w, https:\/\/staffline.pt\/wp-content\/uploads\/2025\/08\/fruticultura-300x200.webp 300w, https:\/\/staffline.pt\/wp-content\/uploads\/2025\/08\/fruticultura-768x512.webp 768w, https:\/\/staffline.pt\/wp-content\/uploads\/2025\/08\/fruticultura-1536x1024.webp 1536w, https:\/\/staffline.pt\/wp-content\/uploads\/2025\/08\/fruticultura-2048x1366.webp 2048w\" sizes=\"auto, (max-width: 1024px) 100vw, 1024px\" \/><span aria-hidden=\"true\" class=\"wp-block-cover__background has-background-dim-0 has-background-dim\"><\/span><div class=\"wp-block-cover__inner-container is-layout-constrained wp-block-cover-is-layout-constrained\">\n<p class=\"has-text-align-center\"><\/p>\n<\/div><\/div>\n<\/div>\n<\/div>\n<\/div><\/div>\n\n\n\n<div class=\"wp-block-group alignfull pt pb has-fundo-background-color has-background\"><div class=\"wp-block-group__inner-container is-layout-constrained wp-block-group-is-layout-constrained\">\n<blockquote class=\"wp-block-quote is-layout-flow wp-block-quote-is-layout-flow\">\n<p>Ponte en contacto<\/p>\n<\/blockquote>\n\n\n\n<h2 class=\"wp-block-heading\">\u00bfEn qu\u00e9 podemos ayudarte?<\/h2>\n\n\n\n<div class=\"wp-block-buttons is-layout-flex wp-block-buttons-is-layout-flex\">\n<div class=\"wp-block-button\"><a class=\"wp-block-button__link wp-element-button\" href=\"https:\/\/staffline.pt\/es\/contactos\/\">Cont\u00e1ctanos<\/a><\/div>\n<\/div>\n<\/div><\/div>\n\n\n\n<div class=\"wp-block-group pt pb no-border is-horizontal is-content-justification-center is-nowrap is-layout-flex wp-container-core-group-is-layout-c1dfda1e wp-block-group-is-layout-flex\">\n<figure class=\"wp-block-image size-full is-resized\"><img loading=\"lazy\" decoding=\"async\" width=\"589\" height=\"290\" src=\"https:\/\/staffline.pt\/wp-content\/uploads\/2025\/08\/SELO_IGUALDADE_2022.webp\" alt=\"\" class=\"wp-image-289\" style=\"width:121px\" srcset=\"https:\/\/staffline.pt\/wp-content\/uploads\/2025\/08\/SELO_IGUALDADE_2022.webp 589w, https:\/\/staffline.pt\/wp-content\/uploads\/2025\/08\/SELO_IGUALDADE_2022-300x148.webp 300w\" sizes=\"auto, (max-width: 589px) 100vw, 589px\" \/><\/figure>\n\n\n\n<figure class=\"wp-block-image size-full is-resized\"><img loading=\"lazy\" decoding=\"async\" width=\"707\" height=\"85\" src=\"https:\/\/staffline.pt\/wp-content\/uploads\/2025\/08\/selo-1.webp\" alt=\"\" class=\"wp-image-288\" style=\"width:500px\" srcset=\"https:\/\/staffline.pt\/wp-content\/uploads\/2025\/08\/selo-1.webp 707w, https:\/\/staffline.pt\/wp-content\/uploads\/2025\/08\/selo-1-300x36.webp 300w\" sizes=\"auto, (max-width: 707px) 100vw, 707px\" \/><\/figure>\n\n\n\n<figure class=\"wp-block-image size-full is-resized\"><img loading=\"lazy\" decoding=\"async\" width=\"591\" height=\"728\" src=\"https:\/\/staffline.pt\/wp-content\/uploads\/2025\/08\/selo_rgb01.webp\" alt=\"\" class=\"wp-image-290\" style=\"width:73px\" srcset=\"https:\/\/staffline.pt\/wp-content\/uploads\/2025\/08\/selo_rgb01.webp 591w, https:\/\/staffline.pt\/wp-content\/uploads\/2025\/08\/selo_rgb01-244x300.webp 244w\" sizes=\"auto, (max-width: 591px) 100vw, 591px\" \/><\/figure>\n\n\n\n<figure class=\"wp-block-image size-full is-resized\"><img loading=\"lazy\" decoding=\"async\" width=\"447\" height=\"558\" src=\"https:\/\/staffline.pt\/wp-content\/uploads\/2025\/08\/CERTIFICADO-2024.webp\" alt=\"\" class=\"wp-image-287\" style=\"width:70px\" srcset=\"https:\/\/staffline.pt\/wp-content\/uploads\/2025\/08\/CERTIFICADO-2024.webp 447w, https:\/\/staffline.pt\/wp-content\/uploads\/2025\/08\/CERTIFICADO-2024-240x300.webp 240w\" sizes=\"auto, (max-width: 447px) 100vw, 447px\" \/><\/figure>\n<\/div>\n","protected":false},"excerpt":{"rendered":"<p>Operamos en todos los modelos de negocio del sector agroalimentario, con una plantilla cualificada, flexible y adaptada a las necesidades espec\u00edficas de cada operaci\u00f3n.<\/p>\n","protected":false},"author":3,"featured_media":637,"parent":0,"menu_order":4,"comment_status":"closed","ping_status":"closed","template":"","meta":{"footnotes":""},"class_list":["post-683","page","type-page","status-publish","has-post-thumbnail","hentry"],"yoast_head":"<!-- This site is optimized with the Yoast SEO plugin v25.7 - https:\/\/yoast.com\/wordpress\/plugins\/seo\/ -->\n<title>Industria Farmac\u00e9utica, de Bebidas y Frut\u00edcola - Staff Line<\/title>\n<meta name=\"robots\" content=\"index, follow, max-snippet:-1, max-image-preview:large, max-video-preview:-1\" \/>\n<link rel=\"canonical\" href=\"https:\/\/staffline.pt\/es\/industria-farmaceutica-de-bebidas-y-fruticola\/\" \/>\n<meta property=\"og:locale\" content=\"es_ES\" \/>\n<meta property=\"og:type\" content=\"article\" \/>\n<meta property=\"og:title\" content=\"Industria Farmac\u00e9utica, de Bebidas y Frut\u00edcola - Staff Line\" \/>\n<meta property=\"og:description\" content=\"Operamos en todos los modelos de negocio del sector agroalimentario, con una plantilla cualificada, flexible y adaptada a las necesidades espec\u00edficas de cada operaci\u00f3n.\" \/>\n<meta property=\"og:url\" content=\"https:\/\/staffline.pt\/es\/industria-farmaceutica-de-bebidas-y-fruticola\/\" \/>\n<meta property=\"og:site_name\" content=\"Staff Line\" \/>\n<meta property=\"article:publisher\" content=\"https:\/\/www.facebook.com\/profile.php?id=100038314626064\" \/>\n<meta property=\"article:modified_time\" content=\"2025-08-12T09:33:37+00:00\" \/>\n<meta property=\"og:image\" content=\"https:\/\/staffline.pt\/wp-content\/uploads\/2025\/08\/industria-farmaceutica-bebidas-e-fruticolas.webp\" \/>\n\t<meta property=\"og:image:width\" content=\"2560\" \/>\n\t<meta property=\"og:image:height\" content=\"1707\" \/>\n\t<meta property=\"og:image:type\" content=\"image\/webp\" \/>\n<meta name=\"twitter:card\" content=\"summary_large_image\" \/>\n<meta name=\"twitter:label1\" content=\"Tiempo de lectura\" \/>\n\t<meta name=\"twitter:data1\" content=\"6 minutos\" \/>\n<script type=\"application\/ld+json\" class=\"yoast-schema-graph\">{\"@context\":\"https:\/\/schema.org\",\"@graph\":[{\"@type\":\"WebPage\",\"@id\":\"https:\/\/staffline.pt\/es\/industria-farmaceutica-de-bebidas-y-fruticola\/\",\"url\":\"https:\/\/staffline.pt\/es\/industria-farmaceutica-de-bebidas-y-fruticola\/\",\"name\":\"Industria Farmac\u00e9utica, de Bebidas y Frut\u00edcola - Staff Line\",\"isPartOf\":{\"@id\":\"https:\/\/staffline.pt\/es\/#website\"},\"primaryImageOfPage\":{\"@id\":\"https:\/\/staffline.pt\/es\/industria-farmaceutica-de-bebidas-y-fruticola\/#primaryimage\"},\"image\":{\"@id\":\"https:\/\/staffline.pt\/es\/industria-farmaceutica-de-bebidas-y-fruticola\/#primaryimage\"},\"thumbnailUrl\":\"https:\/\/staffline.pt\/wp-content\/uploads\/2025\/08\/industria-farmaceutica-bebidas-e-fruticolas.webp\",\"datePublished\":\"2025-07-29T22:06:20+00:00\",\"dateModified\":\"2025-08-12T09:33:37+00:00\",\"breadcrumb\":{\"@id\":\"https:\/\/staffline.pt\/es\/industria-farmaceutica-de-bebidas-y-fruticola\/#breadcrumb\"},\"inLanguage\":\"es\",\"potentialAction\":[{\"@type\":\"ReadAction\",\"target\":[\"https:\/\/staffline.pt\/es\/industria-farmaceutica-de-bebidas-y-fruticola\/\"]}]},{\"@type\":\"ImageObject\",\"inLanguage\":\"es\",\"@id\":\"https:\/\/staffline.pt\/es\/industria-farmaceutica-de-bebidas-y-fruticola\/#primaryimage\",\"url\":\"https:\/\/staffline.pt\/wp-content\/uploads\/2025\/08\/industria-farmaceutica-bebidas-e-fruticolas.webp\",\"contentUrl\":\"https:\/\/staffline.pt\/wp-content\/uploads\/2025\/08\/industria-farmaceutica-bebidas-e-fruticolas.webp\",\"width\":2560,\"height\":1707,\"caption\":\"Ind\u00fastria Farmac\u00eautica Bebidas e Frut\u00edcolas\"},{\"@type\":\"BreadcrumbList\",\"@id\":\"https:\/\/staffline.pt\/es\/industria-farmaceutica-de-bebidas-y-fruticola\/#breadcrumb\",\"itemListElement\":[{\"@type\":\"ListItem\",\"position\":1,\"name\":\"In\u00edcio\",\"item\":\"https:\/\/staffline.pt\/es\/\"},{\"@type\":\"ListItem\",\"position\":2,\"name\":\"Industria Farmac\u00e9utica, de Bebidas y Frut\u00edcola\"}]},{\"@type\":\"WebSite\",\"@id\":\"https:\/\/staffline.pt\/es\/#website\",\"url\":\"https:\/\/staffline.pt\/es\/\",\"name\":\"Staff Line\",\"description\":\"Outsourcing | Recrutamento para Empresas\",\"publisher\":{\"@id\":\"https:\/\/staffline.pt\/es\/#organization\"},\"potentialAction\":[{\"@type\":\"SearchAction\",\"target\":{\"@type\":\"EntryPoint\",\"urlTemplate\":\"https:\/\/staffline.pt\/es\/?s={search_term_string}\"},\"query-input\":{\"@type\":\"PropertyValueSpecification\",\"valueRequired\":true,\"valueName\":\"search_term_string\"}}],\"inLanguage\":\"es\"},{\"@type\":\"Organization\",\"@id\":\"https:\/\/staffline.pt\/es\/#organization\",\"name\":\"Staff Line\",\"url\":\"https:\/\/staffline.pt\/es\/\",\"logo\":{\"@type\":\"ImageObject\",\"inLanguage\":\"es\",\"@id\":\"https:\/\/staffline.pt\/es\/#\/schema\/logo\/image\/\",\"url\":\"https:\/\/staffline.pt\/wp-content\/uploads\/2025\/08\/logo_staffline.jpg\",\"contentUrl\":\"https:\/\/staffline.pt\/wp-content\/uploads\/2025\/08\/logo_staffline.jpg\",\"width\":480,\"height\":127,\"caption\":\"Staff Line\"},\"image\":{\"@id\":\"https:\/\/staffline.pt\/es\/#\/schema\/logo\/image\/\"},\"sameAs\":[\"https:\/\/www.facebook.com\/profile.php?id=100038314626064\",\"https:\/\/www.instagram.com\/staff_line.outsourcing\/\",\"https:\/\/www.linkedin.com\/company\/staff-line-lda\/\"]}]}<\/script>\n<!-- \/ Yoast SEO plugin. -->","yoast_head_json":{"title":"Industria Farmac\u00e9utica, de Bebidas y Frut\u00edcola - Staff Line","robots":{"index":"index","follow":"follow","max-snippet":"max-snippet:-1","max-image-preview":"max-image-preview:large","max-video-preview":"max-video-preview:-1"},"canonical":"https:\/\/staffline.pt\/es\/industria-farmaceutica-de-bebidas-y-fruticola\/","og_locale":"es_ES","og_type":"article","og_title":"Industria Farmac\u00e9utica, de Bebidas y Frut\u00edcola - Staff Line","og_description":"Operamos en todos los modelos de negocio del sector agroalimentario, con una plantilla cualificada, flexible y adaptada a las necesidades espec\u00edficas de cada operaci\u00f3n.","og_url":"https:\/\/staffline.pt\/es\/industria-farmaceutica-de-bebidas-y-fruticola\/","og_site_name":"Staff Line","article_publisher":"https:\/\/www.facebook.com\/profile.php?id=100038314626064","article_modified_time":"2025-08-12T09:33:37+00:00","og_image":[{"width":2560,"height":1707,"url":"https:\/\/staffline.pt\/wp-content\/uploads\/2025\/08\/industria-farmaceutica-bebidas-e-fruticolas.webp","type":"image\/webp"}],"twitter_card":"summary_large_image","twitter_misc":{"Tiempo de lectura":"6 minutos"},"schema":{"@context":"https:\/\/schema.org","@graph":[{"@type":"WebPage","@id":"https:\/\/staffline.pt\/es\/industria-farmaceutica-de-bebidas-y-fruticola\/","url":"https:\/\/staffline.pt\/es\/industria-farmaceutica-de-bebidas-y-fruticola\/","name":"Industria Farmac\u00e9utica, de Bebidas y Frut\u00edcola - Staff Line","isPartOf":{"@id":"https:\/\/staffline.pt\/es\/#website"},"primaryImageOfPage":{"@id":"https:\/\/staffline.pt\/es\/industria-farmaceutica-de-bebidas-y-fruticola\/#primaryimage"},"image":{"@id":"https:\/\/staffline.pt\/es\/industria-farmaceutica-de-bebidas-y-fruticola\/#primaryimage"},"thumbnailUrl":"https:\/\/staffline.pt\/wp-content\/uploads\/2025\/08\/industria-farmaceutica-bebidas-e-fruticolas.webp","datePublished":"2025-07-29T22:06:20+00:00","dateModified":"2025-08-12T09:33:37+00:00","breadcrumb":{"@id":"https:\/\/staffline.pt\/es\/industria-farmaceutica-de-bebidas-y-fruticola\/#breadcrumb"},"inLanguage":"es","potentialAction":[{"@type":"ReadAction","target":["https:\/\/staffline.pt\/es\/industria-farmaceutica-de-bebidas-y-fruticola\/"]}]},{"@type":"ImageObject","inLanguage":"es","@id":"https:\/\/staffline.pt\/es\/industria-farmaceutica-de-bebidas-y-fruticola\/#primaryimage","url":"https:\/\/staffline.pt\/wp-content\/uploads\/2025\/08\/industria-farmaceutica-bebidas-e-fruticolas.webp","contentUrl":"https:\/\/staffline.pt\/wp-content\/uploads\/2025\/08\/industria-farmaceutica-bebidas-e-fruticolas.webp","width":2560,"height":1707,"caption":"Ind\u00fastria Farmac\u00eautica Bebidas e Frut\u00edcolas"},{"@type":"BreadcrumbList","@id":"https:\/\/staffline.pt\/es\/industria-farmaceutica-de-bebidas-y-fruticola\/#breadcrumb","itemListElement":[{"@type":"ListItem","position":1,"name":"In\u00edcio","item":"https:\/\/staffline.pt\/es\/"},{"@type":"ListItem","position":2,"name":"Industria Farmac\u00e9utica, de Bebidas y Frut\u00edcola"}]},{"@type":"WebSite","@id":"https:\/\/staffline.pt\/es\/#website","url":"https:\/\/staffline.pt\/es\/","name":"Staff Line","description":"Outsourcing | Recrutamento para Empresas","publisher":{"@id":"https:\/\/staffline.pt\/es\/#organization"},"potentialAction":[{"@type":"SearchAction","target":{"@type":"EntryPoint","urlTemplate":"https:\/\/staffline.pt\/es\/?s={search_term_string}"},"query-input":{"@type":"PropertyValueSpecification","valueRequired":true,"valueName":"search_term_string"}}],"inLanguage":"es"},{"@type":"Organization","@id":"https:\/\/staffline.pt\/es\/#organization","name":"Staff Line","url":"https:\/\/staffline.pt\/es\/","logo":{"@type":"ImageObject","inLanguage":"es","@id":"https:\/\/staffline.pt\/es\/#\/schema\/logo\/image\/","url":"https:\/\/staffline.pt\/wp-content\/uploads\/2025\/08\/logo_staffline.jpg","contentUrl":"https:\/\/staffline.pt\/wp-content\/uploads\/2025\/08\/logo_staffline.jpg","width":480,"height":127,"caption":"Staff Line"},"image":{"@id":"https:\/\/staffline.pt\/es\/#\/schema\/logo\/image\/"},"sameAs":["https:\/\/www.facebook.com\/profile.php?id=100038314626064","https:\/\/www.instagram.com\/staff_line.outsourcing\/","https:\/\/www.linkedin.com\/company\/staff-line-lda\/"]}]}},"_links":{"self":[{"href":"https:\/\/staffline.pt\/es\/wp-json\/wp\/v2\/pages\/683","targetHints":{"allow":["GET"]}}],"collection":[{"href":"https:\/\/staffline.pt\/es\/wp-json\/wp\/v2\/pages"}],"about":[{"href":"https:\/\/staffline.pt\/es\/wp-json\/wp\/v2\/types\/page"}],"author":[{"embeddable":true,"href":"https:\/\/staffline.pt\/es\/wp-json\/wp\/v2\/users\/3"}],"replies":[{"embeddable":true,"href":"https:\/\/staffline.pt\/es\/wp-json\/wp\/v2\/comments?post=683"}],"version-history":[{"count":4,"href":"https:\/\/staffline.pt\/es\/wp-json\/wp\/v2\/pages\/683\/revisions"}],"predecessor-version":[{"id":858,"href":"https:\/\/staffline.pt\/es\/wp-json\/wp\/v2\/pages\/683\/revisions\/858"}],"wp:featuredmedia":[{"embeddable":true,"href":"https:\/\/staffline.pt\/es\/wp-json\/wp\/v2\/media\/637"}],"wp:attachment":[{"href":"https:\/\/staffline.pt\/es\/wp-json\/wp\/v2\/media?parent=683"}],"curies":[{"name":"wp","href":"https:\/\/api.w.org\/{rel}","templated":true}]}}