{"id":681,"date":"2025-07-29T23:06:07","date_gmt":"2025-07-29T22:06:07","guid":{"rendered":"http:\/\/localhost\/S\/staffline\/V2\/Dev\/build\/wordpress\/solucoes-para-a-industria-agroalimentar\/"},"modified":"2025-08-12T10:32:57","modified_gmt":"2025-08-12T09:32:57","slug":"soluciones-para-la-industria-agroalimentaria","status":"publish","type":"page","link":"https:\/\/staffline.pt\/es\/soluciones-para-la-industria-agroalimentaria\/","title":{"rendered":"Soluciones para la Industria Agroalimentaria"},"content":{"rendered":"\n<div class=\"wp-block-group medwidth pt pb\"><div class=\"wp-block-group__inner-container is-layout-constrained wp-block-group-is-layout-constrained\">\n<h2 class=\"wp-block-heading has-text-align-center\"><mark style=\"background-color:rgba(0, 0, 0, 0)\" class=\"has-inline-color has-vermelho-color\">Soluciones<\/mark> completas para el sector de la transformaci\u00f3n <mark style=\"background-color:rgba(0, 0, 0, 0)\" class=\"has-inline-color has-vermelho-color\">alimentaria<\/mark><\/h2>\n\n\n\n<p class=\"has-text-align-center\">En <strong>Staff Line \u2013 Recruitment and Services<\/strong>, somos socios estrat\u00e9gicos de la industria agroalimentaria, ofreciendo apoyo especializado en todas las fases del ciclo productivo. Trabajamos en unidades de procesamiento y transformaci\u00f3n de Bovinos, Cerdos, Aves y Borregos, asegurando la continuidad operativa y el estricto cumplimiento de las normas de higiene, seguridad y calidad alimentaria.<\/p>\n<\/div><\/div>\n\n\n\n<div class=\"wp-block-group alignfull pt pb has-branco-color has-cinzaescuro-background-color has-text-color has-background has-link-color wp-elements-43333432fac3263e5ea1708b8dc31388\"><div class=\"wp-block-group__inner-container is-layout-constrained wp-block-group-is-layout-constrained\">\n<div class=\"wp-block-group medwidth pb\"><div class=\"wp-block-group__inner-container is-layout-constrained wp-block-group-is-layout-constrained\">\n<h2 class=\"wp-block-heading has-text-align-center\">\u00c1reas de Actividad<\/h2>\n\n\n\n<p class=\"has-text-align-center\">Nuestra intervenci\u00f3n cubre todas las etapas esenciales del proceso, desde las operaciones de producci\u00f3n hasta el corte, el envasado y la expedici\u00f3n de los productos finales. Contamos con equipos altamente cualificados y experimentados, listos para responder a las necesidades espec\u00edficas de cada cliente, con flexibilidad y rapidez.<\/p>\n<\/div><\/div>\n\n\n\n<div class=\"wp-block-columns alignwide is-layout-flex wp-container-core-columns-is-layout-9d6595d7 wp-block-columns-is-layout-flex\">\n<div class=\"wp-block-column itens-areas is-layout-flow wp-block-column-is-layout-flow\" style=\"flex-basis:33.33%\">\n<figure class=\"wp-block-image size-large\"><img loading=\"lazy\" decoding=\"async\" width=\"1024\" height=\"706\" src=\"https:\/\/staffline.pt\/wp-content\/uploads\/2025\/08\/processamento-de-bovinos-suinos-aves-e-borregos-1024x706.webp\" alt=\"\" class=\"wp-image-75\" style=\"aspect-ratio:4\/3;object-fit:cover\" srcset=\"https:\/\/staffline.pt\/wp-content\/uploads\/2025\/08\/processamento-de-bovinos-suinos-aves-e-borregos-1024x706.webp 1024w, https:\/\/staffline.pt\/wp-content\/uploads\/2025\/08\/processamento-de-bovinos-suinos-aves-e-borregos-300x207.webp 300w, https:\/\/staffline.pt\/wp-content\/uploads\/2025\/08\/processamento-de-bovinos-suinos-aves-e-borregos-768x529.webp 768w, https:\/\/staffline.pt\/wp-content\/uploads\/2025\/08\/processamento-de-bovinos-suinos-aves-e-borregos-1536x1059.webp 1536w, https:\/\/staffline.pt\/wp-content\/uploads\/2025\/08\/processamento-de-bovinos-suinos-aves-e-borregos-2048x1411.webp 2048w\" sizes=\"auto, (max-width: 1024px) 100vw, 1024px\" \/><\/figure>\n\n\n\n<h3 class=\"wp-block-heading\">Procesamiento de Bovinos, Porcinos, Aves y Corderos<\/h3>\n\n\n\n<p>Especializaci\u00f3n en las particularidades de cada tipo de carne<\/p>\n<\/div>\n\n\n\n<div class=\"wp-block-column itens-areas is-layout-flow wp-block-column-is-layout-flow\" style=\"flex-basis:33.33%\">\n<figure class=\"wp-block-image size-large\"><img loading=\"lazy\" decoding=\"async\" width=\"1024\" height=\"683\" src=\"https:\/\/staffline.pt\/wp-content\/uploads\/2025\/08\/operacoes-producao-em-linha-1024x683.webp\" alt=\"\" class=\"wp-image-73\" style=\"aspect-ratio:4\/3;object-fit:cover\" srcset=\"https:\/\/staffline.pt\/wp-content\/uploads\/2025\/08\/operacoes-producao-em-linha-1024x683.webp 1024w, https:\/\/staffline.pt\/wp-content\/uploads\/2025\/08\/operacoes-producao-em-linha-300x200.webp 300w, https:\/\/staffline.pt\/wp-content\/uploads\/2025\/08\/operacoes-producao-em-linha-768x512.webp 768w, https:\/\/staffline.pt\/wp-content\/uploads\/2025\/08\/operacoes-producao-em-linha-1536x1024.webp 1536w, https:\/\/staffline.pt\/wp-content\/uploads\/2025\/08\/operacoes-producao-em-linha-2048x1366.webp 2048w\" sizes=\"auto, (max-width: 1024px) 100vw, 1024px\" \/><\/figure>\n\n\n\n<h3 class=\"wp-block-heading\">Operaciones de producci\u00f3n en l\u00ednea<\/h3>\n\n\n\n<p>Garantizar la eficiencia y continuidad de los procesos<\/p>\n<\/div>\n\n\n\n<div class=\"wp-block-column itens-areas is-layout-flow wp-block-column-is-layout-flow\" style=\"flex-basis:33.33%\">\n<figure class=\"wp-block-image size-large\"><img loading=\"lazy\" decoding=\"async\" width=\"1024\" height=\"683\" src=\"https:\/\/staffline.pt\/wp-content\/uploads\/2025\/08\/corte-preparacao-pecas-1024x683.webp\" alt=\"\" class=\"wp-image-62\" style=\"aspect-ratio:4\/3;object-fit:cover\" srcset=\"https:\/\/staffline.pt\/wp-content\/uploads\/2025\/08\/corte-preparacao-pecas-1024x683.webp 1024w, https:\/\/staffline.pt\/wp-content\/uploads\/2025\/08\/corte-preparacao-pecas-300x200.webp 300w, https:\/\/staffline.pt\/wp-content\/uploads\/2025\/08\/corte-preparacao-pecas-768x512.webp 768w, https:\/\/staffline.pt\/wp-content\/uploads\/2025\/08\/corte-preparacao-pecas-1536x1024.webp 1536w, https:\/\/staffline.pt\/wp-content\/uploads\/2025\/08\/corte-preparacao-pecas-2048x1366.webp 2048w\" sizes=\"auto, (max-width: 1024px) 100vw, 1024px\" \/><\/figure>\n\n\n\n<h3 class=\"wp-block-heading\">Corte y preparaci\u00f3n de piezas<\/h3>\n\n\n\n<p>Seg\u00fan los est\u00e1ndares t\u00e9cnicos y los requisitos del cliente.<\/p>\n<\/div>\n<\/div>\n\n\n\n<div class=\"wp-block-columns alignwide centro is-layout-flex wp-container-core-columns-is-layout-9d6595d7 wp-block-columns-is-layout-flex\">\n<div class=\"wp-block-column itens-areas is-layout-flow wp-block-column-is-layout-flow\" style=\"flex-basis:33.33%\">\n<figure class=\"wp-block-image size-large\"><img loading=\"lazy\" decoding=\"async\" width=\"1024\" height=\"684\" src=\"https:\/\/staffline.pt\/wp-content\/uploads\/2025\/08\/embalagem-e-rotulagem-1024x684.webp\" alt=\"\" class=\"wp-image-63\" style=\"aspect-ratio:4\/3;object-fit:cover\" srcset=\"https:\/\/staffline.pt\/wp-content\/uploads\/2025\/08\/embalagem-e-rotulagem-1024x684.webp 1024w, https:\/\/staffline.pt\/wp-content\/uploads\/2025\/08\/embalagem-e-rotulagem-300x200.webp 300w, https:\/\/staffline.pt\/wp-content\/uploads\/2025\/08\/embalagem-e-rotulagem-768x513.webp 768w, https:\/\/staffline.pt\/wp-content\/uploads\/2025\/08\/embalagem-e-rotulagem-1536x1025.webp 1536w, https:\/\/staffline.pt\/wp-content\/uploads\/2025\/08\/embalagem-e-rotulagem-2048x1367.webp 2048w\" sizes=\"auto, (max-width: 1024px) 100vw, 1024px\" \/><\/figure>\n\n\n\n<h3 class=\"wp-block-heading\">Embalaje y etiquetado<\/h3>\n\n\n\n<p>Garantizar la correcta conservaci\u00f3n y presentaci\u00f3n de los productos<\/p>\n<\/div>\n\n\n\n<div class=\"wp-block-column itens-areas is-layout-flow wp-block-column-is-layout-flow\" style=\"flex-basis:33.33%\">\n<figure class=\"wp-block-image size-large\"><img loading=\"lazy\" decoding=\"async\" width=\"1024\" height=\"683\" src=\"https:\/\/staffline.pt\/wp-content\/uploads\/2025\/08\/expedicao-e-logistica-1024x683.webp\" alt=\"\" class=\"wp-image-66\" style=\"aspect-ratio:4\/3;object-fit:cover\" srcset=\"https:\/\/staffline.pt\/wp-content\/uploads\/2025\/08\/expedicao-e-logistica-1024x683.webp 1024w, https:\/\/staffline.pt\/wp-content\/uploads\/2025\/08\/expedicao-e-logistica-300x200.webp 300w, https:\/\/staffline.pt\/wp-content\/uploads\/2025\/08\/expedicao-e-logistica-768x512.webp 768w, https:\/\/staffline.pt\/wp-content\/uploads\/2025\/08\/expedicao-e-logistica-1536x1024.webp 1536w, https:\/\/staffline.pt\/wp-content\/uploads\/2025\/08\/expedicao-e-logistica-2048x1366.webp 2048w\" sizes=\"auto, (max-width: 1024px) 100vw, 1024px\" \/><\/figure>\n\n\n\n<h3 class=\"wp-block-heading\">Env\u00edos y log\u00edstica<\/h3>\n\n\n\n<p>Organizar la producci\u00f3n de productos con un control estricto<\/p>\n<\/div>\n<\/div>\n\n\n\n<div class=\"wp-block-buttons is-content-justification-center is-layout-flex wp-container-core-buttons-is-layout-16018d1d wp-block-buttons-is-layout-flex\">\n<div class=\"wp-block-button no-margin\"><a class=\"wp-block-button__link wp-element-button\" href=\"https:\/\/staffline.pt\/es\/contactos\/\">Solicitar un empleado<\/a><\/div>\n<\/div>\n\n\n\n<div class=\"wp-block-columns alignwide pt is-layout-flex wp-container-core-columns-is-layout-9d6595d7 wp-block-columns-is-layout-flex\">\n<div class=\"wp-block-column br-l pt pb pl pr has-preto-background-color has-background is-layout-flow wp-block-column-is-layout-flow\" style=\"flex-basis:50%\" data-aos=\"fade-right\">\n<h2 class=\"wp-block-heading\">Caracter\u00edsticas principales:<\/h2>\n\n\n\n<p>Ofrecemos tres modelos flexibles para satisfacer las diferentes necesidades de su negocio:<\/p>\n\n\n\n<div class=\"wp-block-columns are-vertically-aligned-center icon-2 is-layout-flex wp-container-core-columns-is-layout-9d6595d7 wp-block-columns-is-layout-flex\">\n<div class=\"wp-block-column is-vertically-aligned-center is-layout-flow wp-block-column-is-layout-flow\" style=\"flex-basis:80px\">\n<i class=\"las la-project-diagram\"><\/i>\n<\/div>\n\n\n\n<div class=\"wp-block-column is-vertically-aligned-center is-layout-flow wp-block-column-is-layout-flow\">\n<p class=\"has-medium-font-size\"><strong>Subcontrataci\u00f3n<\/strong><\/p>\n\n\n\n<p class=\"has-cinza-color has-text-color has-link-color wp-elements-05b7efa62894d9d7265d09cbb05140ba\">Asumimos la gesti\u00f3n total o parcial de los procesos productivos dentro de las instalaciones del cliente, asegurando la calidad y la eficiencia.<\/p>\n<\/div>\n<\/div>\n\n\n\n<div class=\"wp-block-columns are-vertically-aligned-center icon-2 is-layout-flex wp-container-core-columns-is-layout-9d6595d7 wp-block-columns-is-layout-flex\">\n<div class=\"wp-block-column is-vertically-aligned-center is-layout-flow wp-block-column-is-layout-flow\" style=\"flex-basis:80px\">\n<i class=\"las la-file-signature\"><\/i>\n<\/div>\n\n\n\n<div class=\"wp-block-column is-vertically-aligned-center is-layout-flow wp-block-column-is-layout-flow\">\n<p class=\"has-medium-font-size\"><strong>Prestaci\u00f3n de servicios<\/strong><\/p>\n\n\n\n<p class=\"has-cinza-color has-text-color has-link-color wp-elements-c11a950a2c602faaff171752938f6258\">Ofrecemos equipos especializados para servicios puntuales o continuos, adaptados a cada desaf\u00edo.<\/p>\n<\/div>\n<\/div>\n\n\n\n<div class=\"wp-block-columns are-vertically-aligned-center icon-2 is-layout-flex wp-container-core-columns-is-layout-9d6595d7 wp-block-columns-is-layout-flex\">\n<div class=\"wp-block-column is-vertically-aligned-center is-layout-flow wp-block-column-is-layout-flow\" style=\"flex-basis:80px\">\n<i class=\"las la-users-cog\"><\/i>\n<\/div>\n\n\n\n<div class=\"wp-block-column is-vertically-aligned-center is-layout-flow wp-block-column-is-layout-flow\">\n<p class=\"has-medium-font-size\"><strong>Asignaci\u00f3n de personal<\/strong><\/p>\n\n\n\n<p class=\"has-cinza-color has-text-color has-link-color wp-elements-db9a163fc9ca1479b8a4a28e3d343f8c\">Proporcionamos recursos humanos calificados para reforzar sus equipos internos de forma r\u00e1pida y eficaz.<\/p>\n<\/div>\n<\/div>\n<\/div>\n\n\n\n<div class=\"wp-block-column br-l has-preto-background-color has-background is-layout-flow wp-block-column-is-layout-flow\" style=\"flex-basis:50%\">\n<div class=\"wp-block-cover is-light h100\"><img loading=\"lazy\" decoding=\"async\" width=\"1024\" height=\"681\" class=\"wp-block-cover__image-background wp-image-77 size-large\" alt=\"\" src=\"https:\/\/staffline.pt\/wp-content\/uploads\/2025\/08\/solucoes-industria-alimentar-1024x681.webp\" data-object-fit=\"cover\" srcset=\"https:\/\/staffline.pt\/wp-content\/uploads\/2025\/08\/solucoes-industria-alimentar-1024x681.webp 1024w, https:\/\/staffline.pt\/wp-content\/uploads\/2025\/08\/solucoes-industria-alimentar-300x200.webp 300w, https:\/\/staffline.pt\/wp-content\/uploads\/2025\/08\/solucoes-industria-alimentar-768x511.webp 768w, https:\/\/staffline.pt\/wp-content\/uploads\/2025\/08\/solucoes-industria-alimentar-1536x1022.webp 1536w, https:\/\/staffline.pt\/wp-content\/uploads\/2025\/08\/solucoes-industria-alimentar-2048x1362.webp 2048w\" sizes=\"auto, (max-width: 1024px) 100vw, 1024px\" \/><span aria-hidden=\"true\" class=\"wp-block-cover__background has-background-dim-0 has-background-dim\"><\/span><div class=\"wp-block-cover__inner-container is-layout-constrained wp-block-cover-is-layout-constrained\">\n<p class=\"has-text-align-center\"><\/p>\n<\/div><\/div>\n<\/div>\n<\/div>\n<\/div><\/div>\n\n\n\n<div class=\"wp-block-group alignfull pt pb has-fundo-background-color has-background\"><div class=\"wp-block-group__inner-container is-layout-constrained wp-block-group-is-layout-constrained\">\n<blockquote class=\"wp-block-quote is-layout-flow wp-block-quote-is-layout-flow\">\n<p>Ponte en contacto<\/p>\n<\/blockquote>\n\n\n\n<h2 class=\"wp-block-heading\">\u00bfEn qu\u00e9 podemos ayudarte?<\/h2>\n\n\n\n<div class=\"wp-block-buttons is-layout-flex wp-block-buttons-is-layout-flex\">\n<div class=\"wp-block-button\"><a class=\"wp-block-button__link wp-element-button\" href=\"https:\/\/staffline.pt\/es\/contactos\/\">Cont\u00e1ctanos<\/a><\/div>\n<\/div>\n<\/div><\/div>\n\n\n\n<div class=\"wp-block-group pt pb no-border is-horizontal is-content-justification-center is-nowrap is-layout-flex wp-container-core-group-is-layout-c1dfda1e wp-block-group-is-layout-flex\">\n<figure class=\"wp-block-image size-full is-resized\"><img loading=\"lazy\" decoding=\"async\" width=\"589\" height=\"290\" src=\"https:\/\/staffline.pt\/wp-content\/uploads\/2025\/08\/SELO_IGUALDADE_2022.webp\" alt=\"\" class=\"wp-image-289\" style=\"width:121px\" srcset=\"https:\/\/staffline.pt\/wp-content\/uploads\/2025\/08\/SELO_IGUALDADE_2022.webp 589w, https:\/\/staffline.pt\/wp-content\/uploads\/2025\/08\/SELO_IGUALDADE_2022-300x148.webp 300w\" sizes=\"auto, (max-width: 589px) 100vw, 589px\" \/><\/figure>\n\n\n\n<figure class=\"wp-block-image size-full is-resized\"><img loading=\"lazy\" decoding=\"async\" width=\"707\" height=\"85\" src=\"https:\/\/staffline.pt\/wp-content\/uploads\/2025\/08\/selo-1.webp\" alt=\"\" class=\"wp-image-288\" style=\"width:500px\" srcset=\"https:\/\/staffline.pt\/wp-content\/uploads\/2025\/08\/selo-1.webp 707w, https:\/\/staffline.pt\/wp-content\/uploads\/2025\/08\/selo-1-300x36.webp 300w\" sizes=\"auto, (max-width: 707px) 100vw, 707px\" \/><\/figure>\n\n\n\n<figure class=\"wp-block-image size-full is-resized\"><img loading=\"lazy\" decoding=\"async\" width=\"591\" height=\"728\" src=\"https:\/\/staffline.pt\/wp-content\/uploads\/2025\/08\/selo_rgb01.webp\" alt=\"\" class=\"wp-image-290\" style=\"width:73px\" srcset=\"https:\/\/staffline.pt\/wp-content\/uploads\/2025\/08\/selo_rgb01.webp 591w, https:\/\/staffline.pt\/wp-content\/uploads\/2025\/08\/selo_rgb01-244x300.webp 244w\" sizes=\"auto, (max-width: 591px) 100vw, 591px\" \/><\/figure>\n\n\n\n<figure class=\"wp-block-image size-full is-resized\"><img loading=\"lazy\" decoding=\"async\" width=\"447\" height=\"558\" src=\"https:\/\/staffline.pt\/wp-content\/uploads\/2025\/08\/CERTIFICADO-2024.webp\" alt=\"\" class=\"wp-image-287\" style=\"width:70px\" srcset=\"https:\/\/staffline.pt\/wp-content\/uploads\/2025\/08\/CERTIFICADO-2024.webp 447w, https:\/\/staffline.pt\/wp-content\/uploads\/2025\/08\/CERTIFICADO-2024-240x300.webp 240w\" sizes=\"auto, (max-width: 447px) 100vw, 447px\" \/><\/figure>\n<\/div>\n","protected":false},"excerpt":{"rendered":"<p>Operamos en todos los modelos de negocio del sector agroalimentario, con una plantilla cualificada, flexible y adaptada a las necesidades espec\u00edficas de cada operaci\u00f3n.<\/p>\n","protected":false},"author":3,"featured_media":645,"parent":0,"menu_order":3,"comment_status":"closed","ping_status":"closed","template":"","meta":{"footnotes":""},"class_list":["post-681","page","type-page","status-publish","has-post-thumbnail","hentry"],"yoast_head":"<!-- This site is optimized with the Yoast SEO plugin v25.7 - https:\/\/yoast.com\/wordpress\/plugins\/seo\/ -->\n<title>Soluciones para la Industria Agroalimentaria - Staff Line<\/title>\n<meta name=\"robots\" content=\"index, follow, max-snippet:-1, max-image-preview:large, max-video-preview:-1\" \/>\n<link rel=\"canonical\" href=\"https:\/\/staffline.pt\/es\/soluciones-para-la-industria-agroalimentaria\/\" \/>\n<meta property=\"og:locale\" content=\"es_ES\" \/>\n<meta property=\"og:type\" content=\"article\" \/>\n<meta property=\"og:title\" content=\"Soluciones para la Industria Agroalimentaria - Staff Line\" \/>\n<meta property=\"og:description\" content=\"Operamos en todos los modelos de negocio del sector agroalimentario, con una plantilla cualificada, flexible y adaptada a las necesidades espec\u00edficas de cada operaci\u00f3n.\" \/>\n<meta property=\"og:url\" content=\"https:\/\/staffline.pt\/es\/soluciones-para-la-industria-agroalimentaria\/\" \/>\n<meta property=\"og:site_name\" content=\"Staff Line\" \/>\n<meta property=\"article:publisher\" content=\"https:\/\/www.facebook.com\/profile.php?id=100038314626064\" \/>\n<meta property=\"article:modified_time\" content=\"2025-08-12T09:32:57+00:00\" \/>\n<meta property=\"og:image\" content=\"https:\/\/staffline.pt\/wp-content\/uploads\/2025\/08\/solucoes-para-a-industria-agroalimentar.webp\" \/>\n\t<meta property=\"og:image:width\" content=\"2560\" \/>\n\t<meta property=\"og:image:height\" content=\"1440\" \/>\n\t<meta property=\"og:image:type\" content=\"image\/webp\" \/>\n<meta name=\"twitter:card\" content=\"summary_large_image\" \/>\n<meta name=\"twitter:label1\" content=\"Tiempo de lectura\" \/>\n\t<meta name=\"twitter:data1\" content=\"6 minutos\" \/>\n<script type=\"application\/ld+json\" class=\"yoast-schema-graph\">{\"@context\":\"https:\/\/schema.org\",\"@graph\":[{\"@type\":\"WebPage\",\"@id\":\"https:\/\/staffline.pt\/es\/soluciones-para-la-industria-agroalimentaria\/\",\"url\":\"https:\/\/staffline.pt\/es\/soluciones-para-la-industria-agroalimentaria\/\",\"name\":\"Soluciones para la Industria Agroalimentaria - Staff Line\",\"isPartOf\":{\"@id\":\"https:\/\/staffline.pt\/es\/#website\"},\"primaryImageOfPage\":{\"@id\":\"https:\/\/staffline.pt\/es\/soluciones-para-la-industria-agroalimentaria\/#primaryimage\"},\"image\":{\"@id\":\"https:\/\/staffline.pt\/es\/soluciones-para-la-industria-agroalimentaria\/#primaryimage\"},\"thumbnailUrl\":\"https:\/\/staffline.pt\/wp-content\/uploads\/2025\/08\/solucoes-para-a-industria-agroalimentar.webp\",\"datePublished\":\"2025-07-29T22:06:07+00:00\",\"dateModified\":\"2025-08-12T09:32:57+00:00\",\"breadcrumb\":{\"@id\":\"https:\/\/staffline.pt\/es\/soluciones-para-la-industria-agroalimentaria\/#breadcrumb\"},\"inLanguage\":\"es\",\"potentialAction\":[{\"@type\":\"ReadAction\",\"target\":[\"https:\/\/staffline.pt\/es\/soluciones-para-la-industria-agroalimentaria\/\"]}]},{\"@type\":\"ImageObject\",\"inLanguage\":\"es\",\"@id\":\"https:\/\/staffline.pt\/es\/soluciones-para-la-industria-agroalimentaria\/#primaryimage\",\"url\":\"https:\/\/staffline.pt\/wp-content\/uploads\/2025\/08\/solucoes-para-a-industria-agroalimentar.webp\",\"contentUrl\":\"https:\/\/staffline.pt\/wp-content\/uploads\/2025\/08\/solucoes-para-a-industria-agroalimentar.webp\",\"width\":2560,\"height\":1440,\"caption\":\"Solu\u00e7\u00f5es para a Ind\u00fastria Agroalimentar\"},{\"@type\":\"BreadcrumbList\",\"@id\":\"https:\/\/staffline.pt\/es\/soluciones-para-la-industria-agroalimentaria\/#breadcrumb\",\"itemListElement\":[{\"@type\":\"ListItem\",\"position\":1,\"name\":\"In\u00edcio\",\"item\":\"https:\/\/staffline.pt\/es\/\"},{\"@type\":\"ListItem\",\"position\":2,\"name\":\"Soluciones para la Industria Agroalimentaria\"}]},{\"@type\":\"WebSite\",\"@id\":\"https:\/\/staffline.pt\/es\/#website\",\"url\":\"https:\/\/staffline.pt\/es\/\",\"name\":\"Staff Line\",\"description\":\"Outsourcing | Recrutamento para Empresas\",\"publisher\":{\"@id\":\"https:\/\/staffline.pt\/es\/#organization\"},\"potentialAction\":[{\"@type\":\"SearchAction\",\"target\":{\"@type\":\"EntryPoint\",\"urlTemplate\":\"https:\/\/staffline.pt\/es\/?s={search_term_string}\"},\"query-input\":{\"@type\":\"PropertyValueSpecification\",\"valueRequired\":true,\"valueName\":\"search_term_string\"}}],\"inLanguage\":\"es\"},{\"@type\":\"Organization\",\"@id\":\"https:\/\/staffline.pt\/es\/#organization\",\"name\":\"Staff Line\",\"url\":\"https:\/\/staffline.pt\/es\/\",\"logo\":{\"@type\":\"ImageObject\",\"inLanguage\":\"es\",\"@id\":\"https:\/\/staffline.pt\/es\/#\/schema\/logo\/image\/\",\"url\":\"https:\/\/staffline.pt\/wp-content\/uploads\/2025\/08\/logo_staffline.jpg\",\"contentUrl\":\"https:\/\/staffline.pt\/wp-content\/uploads\/2025\/08\/logo_staffline.jpg\",\"width\":480,\"height\":127,\"caption\":\"Staff Line\"},\"image\":{\"@id\":\"https:\/\/staffline.pt\/es\/#\/schema\/logo\/image\/\"},\"sameAs\":[\"https:\/\/www.facebook.com\/profile.php?id=100038314626064\",\"https:\/\/www.instagram.com\/staff_line.outsourcing\/\",\"https:\/\/www.linkedin.com\/company\/staff-line-lda\/\"]}]}<\/script>\n<!-- \/ Yoast SEO plugin. -->","yoast_head_json":{"title":"Soluciones para la Industria Agroalimentaria - Staff Line","robots":{"index":"index","follow":"follow","max-snippet":"max-snippet:-1","max-image-preview":"max-image-preview:large","max-video-preview":"max-video-preview:-1"},"canonical":"https:\/\/staffline.pt\/es\/soluciones-para-la-industria-agroalimentaria\/","og_locale":"es_ES","og_type":"article","og_title":"Soluciones para la Industria Agroalimentaria - Staff Line","og_description":"Operamos en todos los modelos de negocio del sector agroalimentario, con una plantilla cualificada, flexible y adaptada a las necesidades espec\u00edficas de cada operaci\u00f3n.","og_url":"https:\/\/staffline.pt\/es\/soluciones-para-la-industria-agroalimentaria\/","og_site_name":"Staff Line","article_publisher":"https:\/\/www.facebook.com\/profile.php?id=100038314626064","article_modified_time":"2025-08-12T09:32:57+00:00","og_image":[{"width":2560,"height":1440,"url":"https:\/\/staffline.pt\/wp-content\/uploads\/2025\/08\/solucoes-para-a-industria-agroalimentar.webp","type":"image\/webp"}],"twitter_card":"summary_large_image","twitter_misc":{"Tiempo de lectura":"6 minutos"},"schema":{"@context":"https:\/\/schema.org","@graph":[{"@type":"WebPage","@id":"https:\/\/staffline.pt\/es\/soluciones-para-la-industria-agroalimentaria\/","url":"https:\/\/staffline.pt\/es\/soluciones-para-la-industria-agroalimentaria\/","name":"Soluciones para la Industria Agroalimentaria - Staff Line","isPartOf":{"@id":"https:\/\/staffline.pt\/es\/#website"},"primaryImageOfPage":{"@id":"https:\/\/staffline.pt\/es\/soluciones-para-la-industria-agroalimentaria\/#primaryimage"},"image":{"@id":"https:\/\/staffline.pt\/es\/soluciones-para-la-industria-agroalimentaria\/#primaryimage"},"thumbnailUrl":"https:\/\/staffline.pt\/wp-content\/uploads\/2025\/08\/solucoes-para-a-industria-agroalimentar.webp","datePublished":"2025-07-29T22:06:07+00:00","dateModified":"2025-08-12T09:32:57+00:00","breadcrumb":{"@id":"https:\/\/staffline.pt\/es\/soluciones-para-la-industria-agroalimentaria\/#breadcrumb"},"inLanguage":"es","potentialAction":[{"@type":"ReadAction","target":["https:\/\/staffline.pt\/es\/soluciones-para-la-industria-agroalimentaria\/"]}]},{"@type":"ImageObject","inLanguage":"es","@id":"https:\/\/staffline.pt\/es\/soluciones-para-la-industria-agroalimentaria\/#primaryimage","url":"https:\/\/staffline.pt\/wp-content\/uploads\/2025\/08\/solucoes-para-a-industria-agroalimentar.webp","contentUrl":"https:\/\/staffline.pt\/wp-content\/uploads\/2025\/08\/solucoes-para-a-industria-agroalimentar.webp","width":2560,"height":1440,"caption":"Solu\u00e7\u00f5es para a Ind\u00fastria Agroalimentar"},{"@type":"BreadcrumbList","@id":"https:\/\/staffline.pt\/es\/soluciones-para-la-industria-agroalimentaria\/#breadcrumb","itemListElement":[{"@type":"ListItem","position":1,"name":"In\u00edcio","item":"https:\/\/staffline.pt\/es\/"},{"@type":"ListItem","position":2,"name":"Soluciones para la Industria Agroalimentaria"}]},{"@type":"WebSite","@id":"https:\/\/staffline.pt\/es\/#website","url":"https:\/\/staffline.pt\/es\/","name":"Staff Line","description":"Outsourcing | Recrutamento para Empresas","publisher":{"@id":"https:\/\/staffline.pt\/es\/#organization"},"potentialAction":[{"@type":"SearchAction","target":{"@type":"EntryPoint","urlTemplate":"https:\/\/staffline.pt\/es\/?s={search_term_string}"},"query-input":{"@type":"PropertyValueSpecification","valueRequired":true,"valueName":"search_term_string"}}],"inLanguage":"es"},{"@type":"Organization","@id":"https:\/\/staffline.pt\/es\/#organization","name":"Staff Line","url":"https:\/\/staffline.pt\/es\/","logo":{"@type":"ImageObject","inLanguage":"es","@id":"https:\/\/staffline.pt\/es\/#\/schema\/logo\/image\/","url":"https:\/\/staffline.pt\/wp-content\/uploads\/2025\/08\/logo_staffline.jpg","contentUrl":"https:\/\/staffline.pt\/wp-content\/uploads\/2025\/08\/logo_staffline.jpg","width":480,"height":127,"caption":"Staff Line"},"image":{"@id":"https:\/\/staffline.pt\/es\/#\/schema\/logo\/image\/"},"sameAs":["https:\/\/www.facebook.com\/profile.php?id=100038314626064","https:\/\/www.instagram.com\/staff_line.outsourcing\/","https:\/\/www.linkedin.com\/company\/staff-line-lda\/"]}]}},"_links":{"self":[{"href":"https:\/\/staffline.pt\/es\/wp-json\/wp\/v2\/pages\/681","targetHints":{"allow":["GET"]}}],"collection":[{"href":"https:\/\/staffline.pt\/es\/wp-json\/wp\/v2\/pages"}],"about":[{"href":"https:\/\/staffline.pt\/es\/wp-json\/wp\/v2\/types\/page"}],"author":[{"embeddable":true,"href":"https:\/\/staffline.pt\/es\/wp-json\/wp\/v2\/users\/3"}],"replies":[{"embeddable":true,"href":"https:\/\/staffline.pt\/es\/wp-json\/wp\/v2\/comments?post=681"}],"version-history":[{"count":5,"href":"https:\/\/staffline.pt\/es\/wp-json\/wp\/v2\/pages\/681\/revisions"}],"predecessor-version":[{"id":857,"href":"https:\/\/staffline.pt\/es\/wp-json\/wp\/v2\/pages\/681\/revisions\/857"}],"wp:featuredmedia":[{"embeddable":true,"href":"https:\/\/staffline.pt\/es\/wp-json\/wp\/v2\/media\/645"}],"wp:attachment":[{"href":"https:\/\/staffline.pt\/es\/wp-json\/wp\/v2\/media?parent=681"}],"curies":[{"name":"wp","href":"https:\/\/api.w.org\/{rel}","templated":true}]}}